{"id":647,"date":"2024-01-30T11:35:33","date_gmt":"2024-01-30T10:35:33","guid":{"rendered":"https:\/\/www.lazaun.it\/impronta\/"},"modified":"2024-03-19T10:15:22","modified_gmt":"2024-03-19T09:15:22","slug":"colophon","status":"publish","type":"page","link":"https:\/\/www.lazaun.it\/it\/colophon\/","title":{"rendered":"Colophon"},"content":{"rendered":"\t\t<div data-elementor-type=\"wp-page\" data-elementor-id=\"647\" class=\"elementor elementor-647 elementor-64\" data-elementor-post-type=\"page\">\n\t\t\t\t<div class=\"elementor-element elementor-element-a386b9b e-flex e-con-boxed e-con e-parent\" data-id=\"a386b9b\" data-element_type=\"container\" data-e-type=\"container\">\n\t\t\t\t\t<div class=\"e-con-inner\">\n\t\t\t\t<div class=\"elementor-element elementor-element-d670328 elementor-widget elementor-widget-heading\" data-id=\"d670328\" data-element_type=\"widget\" data-e-type=\"widget\" data-widget_type=\"heading.default\">\n\t\t\t\t<div class=\"elementor-widget-container\">\n\t\t\t\t\t<h1 class=\"elementor-heading-title elementor-size-default\">colophon<\/h1>\t\t\t\t<\/div>\n\t\t\t\t<\/div>\n\t\t\t\t<div class=\"elementor-element elementor-element-ca04e65 elementor-widget elementor-widget-heading\" data-id=\"ca04e65\" data-element_type=\"widget\" data-e-type=\"widget\" data-widget_type=\"heading.default\">\n\t\t\t\t<div class=\"elementor-widget-container\">\n\t\t\t\t\t<h4 class=\"elementor-heading-title elementor-size-default\">Titolare<\/h4>\t\t\t\t<\/div>\n\t\t\t\t<\/div>\n\t\t\t\t<div class=\"elementor-element elementor-element-fd37064 elementor-widget elementor-widget-text-editor\" data-id=\"fd37064\" data-element_type=\"widget\" data-e-type=\"widget\" data-widget_type=\"text-editor.default\">\n\t\t\t\t<div class=\"elementor-widget-container\">\n\t\t\t\t\t\t\t\t\t<p>Hotel Schwarzer Adler di Gamper A. &amp; CO. Sas<\/p><p>Baita lazaun 2427m<\/p><p>39020 Maso Corto (BZ)<\/p><p>Italia<\/p><p>Tel: +39 335 537 3649<\/p><p>E-mail: <a class=\"email\" title=\"info@adlernest.com\">info@adlernest.com<\/a><\/p><p>Direttore amministrativo: Hotel Schwarzer Adler di Gamper A. &amp; CO. Sas<\/p><p>REA: BZ &#8211; 105587<\/p><p>Part. IVA: IT01187980212<\/p><p class=\"t5\">RESPONSABILE PER I CONTENUTI<\/p><p>Hotel Schwarzer Adler di Gamper A. &amp; CO. Sas<\/p>\t\t\t\t\t\t\t\t<\/div>\n\t\t\t\t<\/div>\n\t\t\t\t<div class=\"elementor-element elementor-element-4bcd135 elementor-widget elementor-widget-heading\" data-id=\"4bcd135\" data-element_type=\"widget\" data-e-type=\"widget\" data-widget_type=\"heading.default\">\n\t\t\t\t<div class=\"elementor-widget-container\">\n\t\t\t\t\t<h4 class=\"elementor-heading-title elementor-size-default\">Consulenza | Marketing<\/h4>\t\t\t\t<\/div>\n\t\t\t\t<\/div>\n\t\t\t\t<div class=\"elementor-element elementor-element-5bf6506 elementor-widget elementor-widget-text-editor\" data-id=\"5bf6506\" data-element_type=\"widget\" data-e-type=\"widget\" data-widget_type=\"text-editor.default\">\n\t\t\t\t<div class=\"elementor-widget-container\">\n\t\t\t\t\t\t\t\t\t<p>TechDivision GmbH<br \/>An der Alten Spinnerei 2 a<br \/>83059\u00a0Kolbermoor<\/p><p><a href=\"https:\/\/www.techdivision.com\/\" target=\"_blank\" rel=\"noopener\">www.techdivision.com<\/a><br \/><a href=\"mailto:info@techdivision.com\">info@techdivision.com<\/a><\/p>\t\t\t\t\t\t\t\t<\/div>\n\t\t\t\t<\/div>\n\t\t\t\t<div class=\"elementor-element elementor-element-88b6d6b elementor-widget elementor-widget-heading\" data-id=\"88b6d6b\" data-element_type=\"widget\" data-e-type=\"widget\" data-widget_type=\"heading.default\">\n\t\t\t\t<div class=\"elementor-widget-container\">\n\t\t\t\t\t<h4 class=\"elementor-heading-title elementor-size-default\">PROGRAMMAZIONE | REALIZZAZIONE TECNICA<\/h4>\t\t\t\t<\/div>\n\t\t\t\t<\/div>\n\t\t\t\t<div class=\"elementor-element elementor-element-838c8dc elementor-widget elementor-widget-text-editor\" data-id=\"838c8dc\" data-element_type=\"widget\" data-e-type=\"widget\" data-widget_type=\"text-editor.default\">\n\t\t\t\t<div class=\"elementor-widget-container\">\n\t\t\t\t\t\t\t\t\t<p>2G Media &amp; Marketing GmbH<br \/>Marktplatz 3<br \/>85625 Glonn<\/p><p><a href=\"https:\/\/www.2gmedia.de\" target=\"_blank\" rel=\"noopener\">www.2gmedia.de<\/a><br \/><a href=\"mailto:info@2gmedia.de\">info@2gmedia.de<\/a><\/p>\t\t\t\t\t\t\t\t<\/div>\n\t\t\t\t<\/div>\n\t\t\t\t<div class=\"elementor-element elementor-element-f758a4c elementor-widget elementor-widget-heading\" data-id=\"f758a4c\" data-element_type=\"widget\" data-e-type=\"widget\" data-widget_type=\"heading.default\">\n\t\t\t\t<div class=\"elementor-widget-container\">\n\t\t\t\t\t<h4 class=\"elementor-heading-title elementor-size-default\">Copyright\/Immagini<\/h4>\t\t\t\t<\/div>\n\t\t\t\t<\/div>\n\t\t\t\t<div class=\"elementor-element elementor-element-5046fae elementor-widget elementor-widget-text-editor\" data-id=\"5046fae\" data-element_type=\"widget\" data-e-type=\"widget\" data-widget_type=\"text-editor.default\">\n\t\t\t\t<div class=\"elementor-widget-container\">\n\t\t\t\t\t\t\t\t\t<p>Lazaun<\/p>\n\t\t\t\t\t\t\t\t<\/div>\n\t\t\t\t<\/div>\n\t\t\t\t<div class=\"elementor-element elementor-element-94e571a elementor-widget elementor-widget-heading\" data-id=\"94e571a\" data-element_type=\"widget\" data-e-type=\"widget\" data-widget_type=\"heading.default\">\n\t\t\t\t<div class=\"elementor-widget-container\">\n\t\t\t\t\t<h4 class=\"elementor-heading-title elementor-size-default\">Avviso della responsabilit\u00e0<\/h4>\t\t\t\t<\/div>\n\t\t\t\t<\/div>\n\t\t\t\t<div class=\"elementor-element elementor-element-f98dbc1 elementor-widget elementor-widget-text-editor\" data-id=\"f98dbc1\" data-element_type=\"widget\" data-e-type=\"widget\" data-widget_type=\"text-editor.default\">\n\t\t\t\t<div class=\"elementor-widget-container\">\n\t\t\t\t\t\t\t\t\t<p>Nonostante un attento controllo, non ci assumiamo alcuna responsabilit\u00e0 per il contenuto dei link esterni, di cui rispondono esclusivamente i relativi gestori.<\/p>\t\t\t\t\t\t\t\t<\/div>\n\t\t\t\t<\/div>\n\t\t\t\t<div class=\"elementor-element elementor-element-33892cf elementor-widget elementor-widget-heading\" data-id=\"33892cf\" data-element_type=\"widget\" data-e-type=\"widget\" data-widget_type=\"heading.default\">\n\t\t\t\t<div class=\"elementor-widget-container\">\n\t\t\t\t\t<h4 class=\"elementor-heading-title elementor-size-default\">Informazione obbligatoria\n<\/h4>\t\t\t\t<\/div>\n\t\t\t\t<\/div>\n\t\t\t\t<div class=\"elementor-element elementor-element-7c783c2 elementor-widget elementor-widget-text-editor\" data-id=\"7c783c2\" data-element_type=\"widget\" data-e-type=\"widget\" data-widget_type=\"text-editor.default\">\n\t\t\t\t<div class=\"elementor-widget-container\">\n\t\t\t\t\t\t\t\t\t<p>Informazione obbligatoria ai sensi del Regolamento UE n. 524\/2016 del Parlamento europeo e del Consiglio Piattaforma per la risoluzione delle controversie online dei consumatori (ODR) della Commissione europea: <a title=\"ec.europa.eu\" href=\"https:\/\/ec.europa.eu\/consumers\/odr\/\" target=\"_blank\" rel=\"noopener\">https:\/\/ec.europa.eu\/consumers\/odr\/<\/a>.<\/p>\t\t\t\t\t\t\t\t<\/div>\n\t\t\t\t<\/div>\n\t\t\t\t\t<\/div>\n\t\t\t\t<\/div>\n\t\t<div class=\"elementor-element elementor-element-b5c2966 e-flex e-con-boxed e-con e-parent\" data-id=\"b5c2966\" data-element_type=\"container\" data-e-type=\"container\">\n\t\t\t\t\t<div class=\"e-con-inner\">\n\t\t\t\t<div class=\"elementor-element elementor-element-d1b6c4d elementor-widget elementor-widget-spacer\" data-id=\"d1b6c4d\" data-element_type=\"widget\" data-e-type=\"widget\" data-widget_type=\"spacer.default\">\n\t\t\t\t<div class=\"elementor-widget-container\">\n\t\t\t\t\t\t\t<div class=\"elementor-spacer\">\n\t\t\t<div class=\"elementor-spacer-inner\"><\/div>\n\t\t<\/div>\n\t\t\t\t\t\t<\/div>\n\t\t\t\t<\/div>\n\t\t\t\t\t<\/div>\n\t\t\t\t<\/div>\n\t\t\t\t<\/div>\n\t\t","protected":false},"excerpt":{"rendered":"<p>colophon Titolare Hotel Schwarzer Adler di Gamper A. &amp; CO. Sas Baita lazaun 2427m 39020 Maso Corto (BZ) Italia Tel: +39 335 537 3649 E-mail: info@adlernest.com Direttore amministrativo: Hotel Schwarzer Adler di Gamper A. &amp; CO. Sas REA: BZ &#8211; 105587 Part. IVA: IT01187980212 RESPONSABILE PER I CONTENUTI Hotel Schwarzer Adler di Gamper A. &amp; [&hellip;]<\/p>\n","protected":false},"author":1,"featured_media":0,"parent":0,"menu_order":0,"comment_status":"closed","ping_status":"closed","template":"","meta":{"footnotes":""},"class_list":["post-647","page","type-page","status-publish","hentry"],"yoast_head":"<!-- This site is optimized with the Yoast SEO Premium plugin v21.9 (Yoast SEO v27.4) - https:\/\/yoast.com\/product\/yoast-seo-premium-wordpress\/ -->\n<title>Colophon - Lazaun H\u00fctte<\/title>\n<meta name=\"description\" content=\"Scoprite il rifugio Lazaunh\u00fctte in Val Senales. Uno dei rifugi pi\u00f9 belli dell&#039;Alto Adige. Per il divertimento in capanna in estate e in inverno!\" \/>\n<meta name=\"robots\" content=\"index, follow, max-snippet:-1, max-image-preview:large, max-video-preview:-1\" \/>\n<link rel=\"canonical\" href=\"https:\/\/www.lazaun.it\/it\/colophon\/\" \/>\n<meta property=\"og:locale\" content=\"it_IT\" \/>\n<meta property=\"og:type\" content=\"article\" \/>\n<meta property=\"og:title\" content=\"Colophon\" \/>\n<meta property=\"og:description\" content=\"Scoprite il rifugio Lazaunh\u00fctte in Val Senales. Uno dei rifugi pi\u00f9 belli dell&#039;Alto Adige. Per il divertimento in capanna in estate e in inverno!\" \/>\n<meta property=\"og:url\" content=\"https:\/\/www.lazaun.it\/it\/colophon\/\" \/>\n<meta property=\"og:site_name\" content=\"Lazaun H\u00fctte\" \/>\n<meta property=\"article:modified_time\" content=\"2024-03-19T09:15:22+00:00\" \/>\n<meta name=\"twitter:card\" content=\"summary_large_image\" \/>\n<meta name=\"twitter:label1\" content=\"Tempo di lettura stimato\" \/>\n\t<meta name=\"twitter:data1\" content=\"1 minuto\" \/>\n<script type=\"application\/ld+json\" class=\"yoast-schema-graph\">{\"@context\":\"https:\\\/\\\/schema.org\",\"@graph\":[{\"@type\":\"WebPage\",\"@id\":\"https:\\\/\\\/www.lazaun.it\\\/it\\\/colophon\\\/\",\"url\":\"https:\\\/\\\/www.lazaun.it\\\/it\\\/colophon\\\/\",\"name\":\"Colophon - Lazaun H\u00fctte\",\"isPartOf\":{\"@id\":\"https:\\\/\\\/www.lazaun.it\\\/it\\\/#website\"},\"datePublished\":\"2024-01-30T10:35:33+00:00\",\"dateModified\":\"2024-03-19T09:15:22+00:00\",\"description\":\"Scoprite il rifugio Lazaunh\u00fctte in Val Senales. Uno dei rifugi pi\u00f9 belli dell'Alto Adige. Per il divertimento in capanna in estate e in inverno!\",\"breadcrumb\":{\"@id\":\"https:\\\/\\\/www.lazaun.it\\\/it\\\/colophon\\\/#breadcrumb\"},\"inLanguage\":\"it-IT\",\"potentialAction\":[{\"@type\":\"ReadAction\",\"target\":[\"https:\\\/\\\/www.lazaun.it\\\/it\\\/colophon\\\/\"]}]},{\"@type\":\"BreadcrumbList\",\"@id\":\"https:\\\/\\\/www.lazaun.it\\\/it\\\/colophon\\\/#breadcrumb\",\"itemListElement\":[{\"@type\":\"ListItem\",\"position\":1,\"name\":\"Startseite\",\"item\":\"https:\\\/\\\/www.lazaun.it\\\/it\\\/\"},{\"@type\":\"ListItem\",\"position\":2,\"name\":\"Colophon\"}]},{\"@type\":\"WebSite\",\"@id\":\"https:\\\/\\\/www.lazaun.it\\\/it\\\/#website\",\"url\":\"https:\\\/\\\/www.lazaun.it\\\/it\\\/\",\"name\":\"Lazaun H\u00fctte\",\"description\":\"\",\"publisher\":{\"@id\":\"https:\\\/\\\/www.lazaun.it\\\/it\\\/#organization\"},\"potentialAction\":[{\"@type\":\"SearchAction\",\"target\":{\"@type\":\"EntryPoint\",\"urlTemplate\":\"https:\\\/\\\/www.lazaun.it\\\/it\\\/?s={search_term_string}\"},\"query-input\":{\"@type\":\"PropertyValueSpecification\",\"valueRequired\":true,\"valueName\":\"search_term_string\"}}],\"inLanguage\":\"it-IT\"},{\"@type\":\"Organization\",\"@id\":\"https:\\\/\\\/www.lazaun.it\\\/it\\\/#organization\",\"name\":\"Lazaun H\u00fctte\",\"url\":\"https:\\\/\\\/www.lazaun.it\\\/it\\\/\",\"logo\":{\"@type\":\"ImageObject\",\"inLanguage\":\"it-IT\",\"@id\":\"https:\\\/\\\/www.lazaun.it\\\/it\\\/#\\\/schema\\\/logo\\\/image\\\/\",\"url\":\"https:\\\/\\\/www.lazaun.it\\\/wp-content\\\/uploads\\\/2024\\\/01\\\/Logo_Lazaun.png\",\"contentUrl\":\"https:\\\/\\\/www.lazaun.it\\\/wp-content\\\/uploads\\\/2024\\\/01\\\/Logo_Lazaun.png\",\"width\":260,\"height\":640,\"caption\":\"Lazaun H\u00fctte\"},\"image\":{\"@id\":\"https:\\\/\\\/www.lazaun.it\\\/it\\\/#\\\/schema\\\/logo\\\/image\\\/\"}}]}<\/script>\n<!-- \/ Yoast SEO Premium plugin. -->","yoast_head_json":{"title":"Colophon - Lazaun H\u00fctte","description":"Scoprite il rifugio Lazaunh\u00fctte in Val Senales. Uno dei rifugi pi\u00f9 belli dell'Alto Adige. Per il divertimento in capanna in estate e in inverno!","robots":{"index":"index","follow":"follow","max-snippet":"max-snippet:-1","max-image-preview":"max-image-preview:large","max-video-preview":"max-video-preview:-1"},"canonical":"https:\/\/www.lazaun.it\/it\/colophon\/","og_locale":"it_IT","og_type":"article","og_title":"Colophon","og_description":"Scoprite il rifugio Lazaunh\u00fctte in Val Senales. Uno dei rifugi pi\u00f9 belli dell'Alto Adige. Per il divertimento in capanna in estate e in inverno!","og_url":"https:\/\/www.lazaun.it\/it\/colophon\/","og_site_name":"Lazaun H\u00fctte","article_modified_time":"2024-03-19T09:15:22+00:00","twitter_card":"summary_large_image","twitter_misc":{"Tempo di lettura stimato":"1 minuto"},"schema":{"@context":"https:\/\/schema.org","@graph":[{"@type":"WebPage","@id":"https:\/\/www.lazaun.it\/it\/colophon\/","url":"https:\/\/www.lazaun.it\/it\/colophon\/","name":"Colophon - Lazaun H\u00fctte","isPartOf":{"@id":"https:\/\/www.lazaun.it\/it\/#website"},"datePublished":"2024-01-30T10:35:33+00:00","dateModified":"2024-03-19T09:15:22+00:00","description":"Scoprite il rifugio Lazaunh\u00fctte in Val Senales. Uno dei rifugi pi\u00f9 belli dell'Alto Adige. Per il divertimento in capanna in estate e in inverno!","breadcrumb":{"@id":"https:\/\/www.lazaun.it\/it\/colophon\/#breadcrumb"},"inLanguage":"it-IT","potentialAction":[{"@type":"ReadAction","target":["https:\/\/www.lazaun.it\/it\/colophon\/"]}]},{"@type":"BreadcrumbList","@id":"https:\/\/www.lazaun.it\/it\/colophon\/#breadcrumb","itemListElement":[{"@type":"ListItem","position":1,"name":"Startseite","item":"https:\/\/www.lazaun.it\/it\/"},{"@type":"ListItem","position":2,"name":"Colophon"}]},{"@type":"WebSite","@id":"https:\/\/www.lazaun.it\/it\/#website","url":"https:\/\/www.lazaun.it\/it\/","name":"Lazaun H\u00fctte","description":"","publisher":{"@id":"https:\/\/www.lazaun.it\/it\/#organization"},"potentialAction":[{"@type":"SearchAction","target":{"@type":"EntryPoint","urlTemplate":"https:\/\/www.lazaun.it\/it\/?s={search_term_string}"},"query-input":{"@type":"PropertyValueSpecification","valueRequired":true,"valueName":"search_term_string"}}],"inLanguage":"it-IT"},{"@type":"Organization","@id":"https:\/\/www.lazaun.it\/it\/#organization","name":"Lazaun H\u00fctte","url":"https:\/\/www.lazaun.it\/it\/","logo":{"@type":"ImageObject","inLanguage":"it-IT","@id":"https:\/\/www.lazaun.it\/it\/#\/schema\/logo\/image\/","url":"https:\/\/www.lazaun.it\/wp-content\/uploads\/2024\/01\/Logo_Lazaun.png","contentUrl":"https:\/\/www.lazaun.it\/wp-content\/uploads\/2024\/01\/Logo_Lazaun.png","width":260,"height":640,"caption":"Lazaun H\u00fctte"},"image":{"@id":"https:\/\/www.lazaun.it\/it\/#\/schema\/logo\/image\/"}}]}},"_links":{"self":[{"href":"https:\/\/www.lazaun.it\/it\/wp-json\/wp\/v2\/pages\/647","targetHints":{"allow":["GET"]}}],"collection":[{"href":"https:\/\/www.lazaun.it\/it\/wp-json\/wp\/v2\/pages"}],"about":[{"href":"https:\/\/www.lazaun.it\/it\/wp-json\/wp\/v2\/types\/page"}],"author":[{"embeddable":true,"href":"https:\/\/www.lazaun.it\/it\/wp-json\/wp\/v2\/users\/1"}],"replies":[{"embeddable":true,"href":"https:\/\/www.lazaun.it\/it\/wp-json\/wp\/v2\/comments?post=647"}],"version-history":[{"count":10,"href":"https:\/\/www.lazaun.it\/it\/wp-json\/wp\/v2\/pages\/647\/revisions"}],"predecessor-version":[{"id":727,"href":"https:\/\/www.lazaun.it\/it\/wp-json\/wp\/v2\/pages\/647\/revisions\/727"}],"wp:attachment":[{"href":"https:\/\/www.lazaun.it\/it\/wp-json\/wp\/v2\/media?parent=647"}],"curies":[{"name":"wp","href":"https:\/\/api.w.org\/{rel}","templated":true}]}}