{"id":662,"date":"2024-01-30T11:37:57","date_gmt":"2024-01-30T10:37:57","guid":{"rendered":"https:\/\/www.lazaun.it\/biscotti\/"},"modified":"2024-03-19T10:42:19","modified_gmt":"2024-03-19T09:42:19","slug":"biscotti","status":"publish","type":"page","link":"https:\/\/www.lazaun.it\/it\/biscotti\/","title":{"rendered":"Biscotti"},"content":{"rendered":"\t\t<div data-elementor-type=\"wp-page\" data-elementor-id=\"662\" class=\"elementor elementor-662 elementor-68\" data-elementor-post-type=\"page\">\n\t\t\t\t<div class=\"elementor-element elementor-element-45be55a e-flex e-con-boxed e-con e-parent\" data-id=\"45be55a\" data-element_type=\"container\" data-e-type=\"container\">\n\t\t\t\t\t<div class=\"e-con-inner\">\n\t\t\t\t<div class=\"elementor-element elementor-element-0ae736f elementor-widget elementor-widget-heading\" data-id=\"0ae736f\" data-element_type=\"widget\" data-e-type=\"widget\" data-widget_type=\"heading.default\">\n\t\t\t\t<div class=\"elementor-widget-container\">\n\t\t\t\t\t<h1 class=\"elementor-heading-title elementor-size-default\">LETTERA INFORMATIVA SU<\/h1>\t\t\t\t<\/div>\n\t\t\t\t<\/div>\n\t\t\t\t<div class=\"elementor-element elementor-element-07a89a8 elementor-widget elementor-widget-heading\" data-id=\"07a89a8\" data-element_type=\"widget\" data-e-type=\"widget\" data-widget_type=\"heading.default\">\n\t\t\t\t<div class=\"elementor-widget-container\">\n\t\t\t\t\t<h2 class=\"elementor-heading-title elementor-size-default\">Biscotti<\/h2>\t\t\t\t<\/div>\n\t\t\t\t<\/div>\n\t\t\t\t\t<\/div>\n\t\t\t\t<\/div>\n\t\t<div class=\"elementor-element elementor-element-e1fcd03 e-flex e-con-boxed e-con e-parent\" data-id=\"e1fcd03\" data-element_type=\"container\" data-e-type=\"container\">\n\t\t\t\t\t<div class=\"e-con-inner\">\n\t\t\t\t<div class=\"elementor-element elementor-element-47c7a9f elementor-widget elementor-widget-heading\" data-id=\"47c7a9f\" data-element_type=\"widget\" data-e-type=\"widget\" data-widget_type=\"heading.default\">\n\t\t\t\t<div class=\"elementor-widget-container\">\n\t\t\t\t\t<h4 class=\"elementor-heading-title elementor-size-default\">Che cos'\u00e8 un biscotto?<\/h4>\t\t\t\t<\/div>\n\t\t\t\t<\/div>\n\t\t\t\t<div class=\"elementor-element elementor-element-fcb0635 elementor-widget elementor-widget-text-editor\" data-id=\"fcb0635\" data-element_type=\"widget\" data-e-type=\"widget\" data-widget_type=\"text-editor.default\">\n\t\t\t\t<div class=\"elementor-widget-container\">\n\t\t\t\t\t\t\t\t\t<p>Un cookie \u00e8 un piccolo file di testo che viene scaricato dal browser Internet quando si visita un sito web. Al successivo accesso a questo sito web con lo stesso dispositivo finale, il cookie viene rinviato al sito web che lo ha creato (cookie di prima parte) o inviato a un altro sito web a cui appartiene (cookie di terza parte). Ci\u00f2 consente al sito web di riconoscere che \u00e8 gi\u00e0 stato richiamato con questo browser e pu\u00f2 quindi migliorare l&#8217;esperienza dell&#8217;utente quando viene richiamato nuovamente. I cookie ricordano le preferenze dell&#8217;utente, ad esempio, e personalizzano le offerte visualizzate in base ai suoi interessi e alle sue esigenze personali. A seconda della loro funzione e finalit\u00e0, i cookie possono essere suddivisi in diverse categorie: cookie funzionali, cookie per finalit\u00e0 di marketing (profilazione) e cookie di terze parti.<\/p>\n\t\t\t\t\t\t\t\t<\/div>\n\t\t\t\t<\/div>\n\t\t\t\t<div class=\"elementor-element elementor-element-282df1f elementor-widget elementor-widget-heading\" data-id=\"282df1f\" data-element_type=\"widget\" data-e-type=\"widget\" data-widget_type=\"heading.default\">\n\t\t\t\t<div class=\"elementor-widget-container\">\n\t\t\t\t\t<h4 class=\"elementor-heading-title elementor-size-default\">COOKIE TECNICI<\/h4>\t\t\t\t<\/div>\n\t\t\t\t<\/div>\n\t\t\t\t<div class=\"elementor-element elementor-element-cc03e1a elementor-widget elementor-widget-text-editor\" data-id=\"cc03e1a\" data-element_type=\"widget\" data-e-type=\"widget\" data-widget_type=\"text-editor.default\">\n\t\t\t\t<div class=\"elementor-widget-container\">\n\t\t\t\t\t\t\t\t\t<p>Per questi cookie non \u00e8 necessario il consenso dell&#8217;utente.<\/p>\n<p>Questi cookie garantiscono funzioni senza le quali non \u00e8 possibile utilizzare correttamente questo sito web. Questi cookie sono utilizzati esclusivamente su questo sito web e sono pertanto cosiddetti cookie di prima parte. Vengono memorizzati sul computer solo durante la sessione in corso. I cookie tecnici comprendono anche i cookie analitici, che vengono utilizzati per le statistiche di accesso, raccolgono informazioni in forma generica e non consentono di identificare il visitatore.<\/p>\n\t\t\t\t\t\t\t\t<\/div>\n\t\t\t\t<\/div>\n\t\t\t\t<div class=\"elementor-element elementor-element-9b4cffc elementor-widget elementor-widget-heading\" data-id=\"9b4cffc\" data-element_type=\"widget\" data-e-type=\"widget\" data-widget_type=\"heading.default\">\n\t\t\t\t<div class=\"elementor-widget-container\">\n\t\t\t\t\t<h4 class=\"elementor-heading-title elementor-size-default\">COOKIE DI PROFILAZIONE<\/h4>\t\t\t\t<\/div>\n\t\t\t\t<\/div>\n\t\t\t\t<div class=\"elementor-element elementor-element-c8b3dcd elementor-widget elementor-widget-text-editor\" data-id=\"c8b3dcd\" data-element_type=\"widget\" data-e-type=\"widget\" data-widget_type=\"text-editor.default\">\n\t\t\t\t<div class=\"elementor-widget-container\">\n\t\t\t\t\t\t\t\t\t<p>Per questi cookie \u00e8 necessario il consenso dell&#8217;utente.<\/p>\n<p>I cookie di profilazione sono utilizzati per raccogliere i dati dell&#8217;utente al fine di inviare successivamente allo stesso messaggi pubblicitari in linea con i suoi interessi.<\/p>\n\t\t\t\t\t\t\t\t<\/div>\n\t\t\t\t<\/div>\n\t\t\t\t<div class=\"elementor-element elementor-element-bb872ea elementor-widget elementor-widget-heading\" data-id=\"bb872ea\" data-element_type=\"widget\" data-e-type=\"widget\" data-widget_type=\"heading.default\">\n\t\t\t\t<div class=\"elementor-widget-container\">\n\t\t\t\t\t<h4 class=\"elementor-heading-title elementor-size-default\">COOKIE DI TERZE PARTI<\/h4>\t\t\t\t<\/div>\n\t\t\t\t<\/div>\n\t\t\t\t<div class=\"elementor-element elementor-element-e208e3e elementor-widget elementor-widget-text-editor\" data-id=\"e208e3e\" data-element_type=\"widget\" data-e-type=\"widget\" data-widget_type=\"text-editor.default\">\n\t\t\t\t<div class=\"elementor-widget-container\">\n\t\t\t\t\t\t\t\t\t<p>Poich\u00e9 i cookie qui utilizzati sono cookie di altri siti web (i cosiddetti cookie di terze parti), nella seguente lista dei cookie troverete informazioni relative al consenso o al rifiuto di un eventuale utilizzo.<br \/><a title=\"it.wikipedia.org\" href=\"https:\/\/de.wikipedia.org\/wiki\/HTTP-Cookie\" target=\"_blank\" rel=\"noopener\" data-htmlarea-external=\"1\"><b>Ulteriori informazioni sui cookie<\/b><\/a><\/p>\n\t\t\t\t\t\t\t\t<\/div>\n\t\t\t\t<\/div>\n\t\t\t\t<div class=\"elementor-element elementor-element-9f7d68f elementor-widget elementor-widget-heading\" data-id=\"9f7d68f\" data-element_type=\"widget\" data-e-type=\"widget\" data-widget_type=\"heading.default\">\n\t\t\t\t<div class=\"elementor-widget-container\">\n\t\t\t\t\t<h4 class=\"elementor-heading-title elementor-size-default\">Cookie su questo sito web\n\nCome posso disattivare i cookie?<\/h4>\t\t\t\t<\/div>\n\t\t\t\t<\/div>\n\t\t\t\t<div class=\"elementor-element elementor-element-3238e79 elementor-widget elementor-widget-text-editor\" data-id=\"3238e79\" data-element_type=\"widget\" data-e-type=\"widget\" data-widget_type=\"text-editor.default\">\n\t\t\t\t<div class=\"elementor-widget-container\">\n\t\t\t\t\t\t\t\t\t<p>Per disattivare, cancellare o bloccare i cookie, \u00e8 possibile modificare le impostazioni del browser come descritto nei seguenti link. In caso di disattivazione, l&#8217;utilizzo completo del sito non \u00e8 pi\u00f9 garantito.  <\/p>\n<ul>\n<li><a title=\"support.mozilla.org\" href=\"https:\/\/support.mozilla.org\/de\/kb\/cookies-erlauben-und-ablehnen\" target=\"_blank\" rel=\"noopener\" data-htmlarea-external=\"1\">Firefox<\/a><\/li>\n<li><a title=\"support.microsoft.com\" href=\"https:\/\/support.microsoft.com\/de-de\/help\/17442\/windows-internet-explorer-delete-manage-cookies\" target=\"_blank\" rel=\"noopener\" data-htmlarea-external=\"1\">Internet Explorer<\/a><\/li>\n<li><a title=\"support.google.com\" href=\"https:\/\/support.google.com\/accounts\/answer\/61416?hl=de\" target=\"_blank\" rel=\"noopener\" data-htmlarea-external=\"1\">Google Chrome<\/a><\/li>\n<li><a title=\"support.apple.com\" href=\"https:\/\/support.apple.com\/de-de\/HT201265\" target=\"_blank\" rel=\"noopener\" data-htmlarea-external=\"1\">Safari<\/a><\/li>\n<\/ul>\n<p>Se non si utilizza uno dei browser sopra citati, selezionare l&#8217;opzione &#8220;Cookie&#8221; nella funzione &#8220;Aiuto&#8221; per scoprire dove trovare le impostazioni dei cookie. Anche i cookie di terze parti possono essere disattivati o cancellati individualmente dall&#8217;utente. Le relative istruzioni sono disponibili sul sito web della European Interactive Digital Advertising Alliance: <a title=\"www.youronlinechoices.eu\" href=\"https:\/\/www.youronlinechoices.eu\/\" target=\"_blank\" rel=\"noopener\" data-htmlarea-external=\"1\">www.youronlinechoices.eu.<\/a><\/p>\n<p>Questo sito web utilizza i cookie per garantire la migliore funzionalit\u00e0 possibile. La disattivazione di questi cookie pu\u00f2 comportare limitazioni funzionali.<\/p>\n<p>All&#8217;<a class=\"privacylink\" title=\"Informativa sulla privacy\" href=\"https:\/\/landingpages.tt-beta.com\/index.php?id=21&amp;L=0\" target=\"_blank\" rel=\"noopener\">informativa sulla privacy<\/a><\/p>\n\t\t\t\t\t\t\t\t<\/div>\n\t\t\t\t<\/div>\n\t\t\t\t\t<\/div>\n\t\t\t\t<\/div>\n\t\t<div class=\"elementor-element elementor-element-4f12800 e-flex e-con-boxed e-con e-parent\" data-id=\"4f12800\" data-element_type=\"container\" data-e-type=\"container\">\n\t\t\t\t\t<div class=\"e-con-inner\">\n\t\t\t\t<div class=\"elementor-element elementor-element-87b449a elementor-widget elementor-widget-spacer\" data-id=\"87b449a\" data-element_type=\"widget\" data-e-type=\"widget\" data-widget_type=\"spacer.default\">\n\t\t\t\t<div class=\"elementor-widget-container\">\n\t\t\t\t\t\t\t<div class=\"elementor-spacer\">\n\t\t\t<div class=\"elementor-spacer-inner\"><\/div>\n\t\t<\/div>\n\t\t\t\t\t\t<\/div>\n\t\t\t\t<\/div>\n\t\t\t\t\t<\/div>\n\t\t\t\t<\/div>\n\t\t\t\t<\/div>\n\t\t","protected":false},"excerpt":{"rendered":"<p>LETTERA INFORMATIVA SU Biscotti Che cos&#8217;\u00e8 un biscotto? Un cookie \u00e8 un piccolo file di testo che viene scaricato dal browser Internet quando si visita un sito web. Al successivo accesso a questo sito web con lo stesso dispositivo finale, il cookie viene rinviato al sito web che lo ha creato (cookie di prima parte) [&hellip;]<\/p>\n","protected":false},"author":1,"featured_media":0,"parent":0,"menu_order":0,"comment_status":"closed","ping_status":"closed","template":"","meta":{"footnotes":""},"class_list":["post-662","page","type-page","status-publish","hentry"],"yoast_head":"<!-- This site is optimized with the Yoast SEO Premium plugin v21.9 (Yoast SEO v27.4) - https:\/\/yoast.com\/product\/yoast-seo-premium-wordpress\/ -->\n<title>Biscotti - Lazaun H\u00fctte<\/title>\n<meta name=\"description\" content=\"Scoprite il rifugio Lazaunh\u00fctte in Val Senales. Uno dei rifugi pi\u00f9 belli dell&#039;Alto Adige. Per il divertimento in capanna in estate e in inverno!\" \/>\n<meta name=\"robots\" content=\"index, follow, max-snippet:-1, max-image-preview:large, max-video-preview:-1\" \/>\n<link rel=\"canonical\" href=\"https:\/\/www.lazaun.it\/it\/biscotti\/\" \/>\n<meta property=\"og:locale\" content=\"it_IT\" \/>\n<meta property=\"og:type\" content=\"article\" \/>\n<meta property=\"og:title\" content=\"Biscotti\" \/>\n<meta property=\"og:description\" content=\"Scoprite il rifugio Lazaunh\u00fctte in Val Senales. Uno dei rifugi pi\u00f9 belli dell&#039;Alto Adige. Per il divertimento in capanna in estate e in inverno!\" \/>\n<meta property=\"og:url\" content=\"https:\/\/www.lazaun.it\/it\/biscotti\/\" \/>\n<meta property=\"og:site_name\" content=\"Lazaun H\u00fctte\" \/>\n<meta property=\"article:modified_time\" content=\"2024-03-19T09:42:19+00:00\" \/>\n<meta name=\"twitter:card\" content=\"summary_large_image\" \/>\n<meta name=\"twitter:label1\" content=\"Tempo di lettura stimato\" \/>\n\t<meta name=\"twitter:data1\" content=\"2 minuti\" \/>\n<script type=\"application\/ld+json\" class=\"yoast-schema-graph\">{\"@context\":\"https:\\\/\\\/schema.org\",\"@graph\":[{\"@type\":\"WebPage\",\"@id\":\"https:\\\/\\\/www.lazaun.it\\\/it\\\/biscotti\\\/\",\"url\":\"https:\\\/\\\/www.lazaun.it\\\/it\\\/biscotti\\\/\",\"name\":\"Biscotti - Lazaun H\u00fctte\",\"isPartOf\":{\"@id\":\"https:\\\/\\\/www.lazaun.it\\\/it\\\/#website\"},\"datePublished\":\"2024-01-30T10:37:57+00:00\",\"dateModified\":\"2024-03-19T09:42:19+00:00\",\"description\":\"Scoprite il rifugio Lazaunh\u00fctte in Val Senales. Uno dei rifugi pi\u00f9 belli dell'Alto Adige. Per il divertimento in capanna in estate e in inverno!\",\"breadcrumb\":{\"@id\":\"https:\\\/\\\/www.lazaun.it\\\/it\\\/biscotti\\\/#breadcrumb\"},\"inLanguage\":\"it-IT\",\"potentialAction\":[{\"@type\":\"ReadAction\",\"target\":[\"https:\\\/\\\/www.lazaun.it\\\/it\\\/biscotti\\\/\"]}]},{\"@type\":\"BreadcrumbList\",\"@id\":\"https:\\\/\\\/www.lazaun.it\\\/it\\\/biscotti\\\/#breadcrumb\",\"itemListElement\":[{\"@type\":\"ListItem\",\"position\":1,\"name\":\"Startseite\",\"item\":\"https:\\\/\\\/www.lazaun.it\\\/it\\\/\"},{\"@type\":\"ListItem\",\"position\":2,\"name\":\"Biscotti\"}]},{\"@type\":\"WebSite\",\"@id\":\"https:\\\/\\\/www.lazaun.it\\\/it\\\/#website\",\"url\":\"https:\\\/\\\/www.lazaun.it\\\/it\\\/\",\"name\":\"Lazaun H\u00fctte\",\"description\":\"\",\"publisher\":{\"@id\":\"https:\\\/\\\/www.lazaun.it\\\/it\\\/#organization\"},\"potentialAction\":[{\"@type\":\"SearchAction\",\"target\":{\"@type\":\"EntryPoint\",\"urlTemplate\":\"https:\\\/\\\/www.lazaun.it\\\/it\\\/?s={search_term_string}\"},\"query-input\":{\"@type\":\"PropertyValueSpecification\",\"valueRequired\":true,\"valueName\":\"search_term_string\"}}],\"inLanguage\":\"it-IT\"},{\"@type\":\"Organization\",\"@id\":\"https:\\\/\\\/www.lazaun.it\\\/it\\\/#organization\",\"name\":\"Lazaun H\u00fctte\",\"url\":\"https:\\\/\\\/www.lazaun.it\\\/it\\\/\",\"logo\":{\"@type\":\"ImageObject\",\"inLanguage\":\"it-IT\",\"@id\":\"https:\\\/\\\/www.lazaun.it\\\/it\\\/#\\\/schema\\\/logo\\\/image\\\/\",\"url\":\"https:\\\/\\\/www.lazaun.it\\\/wp-content\\\/uploads\\\/2024\\\/01\\\/Logo_Lazaun.png\",\"contentUrl\":\"https:\\\/\\\/www.lazaun.it\\\/wp-content\\\/uploads\\\/2024\\\/01\\\/Logo_Lazaun.png\",\"width\":260,\"height\":640,\"caption\":\"Lazaun H\u00fctte\"},\"image\":{\"@id\":\"https:\\\/\\\/www.lazaun.it\\\/it\\\/#\\\/schema\\\/logo\\\/image\\\/\"}}]}<\/script>\n<!-- \/ Yoast SEO Premium plugin. -->","yoast_head_json":{"title":"Biscotti - Lazaun H\u00fctte","description":"Scoprite il rifugio Lazaunh\u00fctte in Val Senales. Uno dei rifugi pi\u00f9 belli dell'Alto Adige. Per il divertimento in capanna in estate e in inverno!","robots":{"index":"index","follow":"follow","max-snippet":"max-snippet:-1","max-image-preview":"max-image-preview:large","max-video-preview":"max-video-preview:-1"},"canonical":"https:\/\/www.lazaun.it\/it\/biscotti\/","og_locale":"it_IT","og_type":"article","og_title":"Biscotti","og_description":"Scoprite il rifugio Lazaunh\u00fctte in Val Senales. Uno dei rifugi pi\u00f9 belli dell'Alto Adige. Per il divertimento in capanna in estate e in inverno!","og_url":"https:\/\/www.lazaun.it\/it\/biscotti\/","og_site_name":"Lazaun H\u00fctte","article_modified_time":"2024-03-19T09:42:19+00:00","twitter_card":"summary_large_image","twitter_misc":{"Tempo di lettura stimato":"2 minuti"},"schema":{"@context":"https:\/\/schema.org","@graph":[{"@type":"WebPage","@id":"https:\/\/www.lazaun.it\/it\/biscotti\/","url":"https:\/\/www.lazaun.it\/it\/biscotti\/","name":"Biscotti - Lazaun H\u00fctte","isPartOf":{"@id":"https:\/\/www.lazaun.it\/it\/#website"},"datePublished":"2024-01-30T10:37:57+00:00","dateModified":"2024-03-19T09:42:19+00:00","description":"Scoprite il rifugio Lazaunh\u00fctte in Val Senales. Uno dei rifugi pi\u00f9 belli dell'Alto Adige. Per il divertimento in capanna in estate e in inverno!","breadcrumb":{"@id":"https:\/\/www.lazaun.it\/it\/biscotti\/#breadcrumb"},"inLanguage":"it-IT","potentialAction":[{"@type":"ReadAction","target":["https:\/\/www.lazaun.it\/it\/biscotti\/"]}]},{"@type":"BreadcrumbList","@id":"https:\/\/www.lazaun.it\/it\/biscotti\/#breadcrumb","itemListElement":[{"@type":"ListItem","position":1,"name":"Startseite","item":"https:\/\/www.lazaun.it\/it\/"},{"@type":"ListItem","position":2,"name":"Biscotti"}]},{"@type":"WebSite","@id":"https:\/\/www.lazaun.it\/it\/#website","url":"https:\/\/www.lazaun.it\/it\/","name":"Lazaun H\u00fctte","description":"","publisher":{"@id":"https:\/\/www.lazaun.it\/it\/#organization"},"potentialAction":[{"@type":"SearchAction","target":{"@type":"EntryPoint","urlTemplate":"https:\/\/www.lazaun.it\/it\/?s={search_term_string}"},"query-input":{"@type":"PropertyValueSpecification","valueRequired":true,"valueName":"search_term_string"}}],"inLanguage":"it-IT"},{"@type":"Organization","@id":"https:\/\/www.lazaun.it\/it\/#organization","name":"Lazaun H\u00fctte","url":"https:\/\/www.lazaun.it\/it\/","logo":{"@type":"ImageObject","inLanguage":"it-IT","@id":"https:\/\/www.lazaun.it\/it\/#\/schema\/logo\/image\/","url":"https:\/\/www.lazaun.it\/wp-content\/uploads\/2024\/01\/Logo_Lazaun.png","contentUrl":"https:\/\/www.lazaun.it\/wp-content\/uploads\/2024\/01\/Logo_Lazaun.png","width":260,"height":640,"caption":"Lazaun H\u00fctte"},"image":{"@id":"https:\/\/www.lazaun.it\/it\/#\/schema\/logo\/image\/"}}]}},"_links":{"self":[{"href":"https:\/\/www.lazaun.it\/it\/wp-json\/wp\/v2\/pages\/662","targetHints":{"allow":["GET"]}}],"collection":[{"href":"https:\/\/www.lazaun.it\/it\/wp-json\/wp\/v2\/pages"}],"about":[{"href":"https:\/\/www.lazaun.it\/it\/wp-json\/wp\/v2\/types\/page"}],"author":[{"embeddable":true,"href":"https:\/\/www.lazaun.it\/it\/wp-json\/wp\/v2\/users\/1"}],"replies":[{"embeddable":true,"href":"https:\/\/www.lazaun.it\/it\/wp-json\/wp\/v2\/comments?post=662"}],"version-history":[{"count":3,"href":"https:\/\/www.lazaun.it\/it\/wp-json\/wp\/v2\/pages\/662\/revisions"}],"predecessor-version":[{"id":756,"href":"https:\/\/www.lazaun.it\/it\/wp-json\/wp\/v2\/pages\/662\/revisions\/756"}],"wp:attachment":[{"href":"https:\/\/www.lazaun.it\/it\/wp-json\/wp\/v2\/media?parent=662"}],"curies":[{"name":"wp","href":"https:\/\/api.w.org\/{rel}","templated":true}]}}